{"id":1278,"date":"2025-04-01T15:06:09","date_gmt":"2025-04-01T15:06:09","guid":{"rendered":"https:\/\/www.apotheken-ki.de\/blog\/"},"modified":"2025-04-09T14:51:01","modified_gmt":"2025-04-09T14:51:01","slug":"blog","status":"publish","type":"page","link":"https:\/\/www.apotheken-ki.de\/es\/blog\/","title":{"rendered":"Blog"},"content":{"rendered":"\t\t<div data-elementor-type=\"wp-page\" data-elementor-id=\"1278\" class=\"elementor elementor-1278 elementor-980\" data-elementor-post-type=\"page\">\n\t\t\t\t<div class=\"elementor-element elementor-element-609487c e-con-full e-flex elementor-invisible e-con e-child\" data-id=\"609487c\" data-element_type=\"container\" data-settings=\"{&quot;animation&quot;:&quot;fadeInLeft&quot;}\">\n\t\t<div class=\"elementor-element elementor-element-17bcdc2 e-con-full e-flex e-con e-child\" data-id=\"17bcdc2\" data-element_type=\"container\">\n\t\t\t\t<div class=\"elementor-element elementor-element-56a9e84 elementor-widget elementor-widget-heading\" data-id=\"56a9e84\" data-element_type=\"widget\" data-widget_type=\"heading.default\">\n\t\t\t\t\t<h2 class=\"elementor-heading-title elementor-size-default\">Apoyo de la IA a las farmacias<\/h2>\t\t\t\t<\/div>\n\t\t\t\t<div class=\"elementor-element elementor-element-d073452 elementor-widget elementor-widget-heading\" data-id=\"d073452\" data-element_type=\"widget\" data-widget_type=\"heading.default\">\n\t\t\t\t\t<h2 class=\"elementor-heading-title elementor-size-default\">BLOG APOAI<\/h2>\t\t\t\t<\/div>\n\t\t\t\t<div class=\"elementor-element elementor-element-2e62915 elementor-widget__width-initial elementor-widget-mobile__width-inherit elementor-widget elementor-widget-text-editor\" data-id=\"2e62915\" data-element_type=\"widget\" data-widget_type=\"text-editor.default\">\n\t\t\t\t\t\t\t\t\t<p data-pm-slice=\"1 1 []\">Optimiza el trabajo diario de la farmacia con la automatizaci\u00f3n inteligente. Nuestras soluciones de IA alivian la presi\u00f3n de tu equipo, reducen el volumen de llamadas y mejoran la comunicaci\u00f3n con el paciente, para que dispongas de m\u00e1s tiempo para un asesoramiento personalizado. <\/p>\t\t\t\t\t\t\t\t<\/div>\n\t\t\t\t<\/div>\n\t\t\t\t<\/div>\n\t\t<div class=\"elementor-element elementor-element-dbba995 e-flex e-con-boxed e-con e-parent\" data-id=\"dbba995\" data-element_type=\"container\">\n\t\t\t\t\t<div class=\"e-con-inner\">\n\t\t\t\t<div class=\"elementor-element elementor-element-a030516 elementor-grid-4 elementor-grid-tablet-2 elementor-grid-mobile-1 elementor-posts--thumbnail-top elementor-widget elementor-widget-posts\" data-id=\"a030516\" data-element_type=\"widget\" data-settings=\"{&quot;classic_columns&quot;:&quot;4&quot;,&quot;classic_columns_tablet&quot;:&quot;2&quot;,&quot;classic_columns_mobile&quot;:&quot;1&quot;,&quot;classic_row_gap&quot;:{&quot;unit&quot;:&quot;px&quot;,&quot;size&quot;:35,&quot;sizes&quot;:[]},&quot;classic_row_gap_tablet&quot;:{&quot;unit&quot;:&quot;px&quot;,&quot;size&quot;:&quot;&quot;,&quot;sizes&quot;:[]},&quot;classic_row_gap_mobile&quot;:{&quot;unit&quot;:&quot;px&quot;,&quot;size&quot;:&quot;&quot;,&quot;sizes&quot;:[]}}\" data-widget_type=\"posts.classic\">\n\t\t\t\t<div class=\"elementor-widget-container\">\n\t\t\t\t\t\t\t<div class=\"elementor-posts-container elementor-posts elementor-posts--skin-classic elementor-grid\" role=\"list\">\n\t\t\t\t<article class=\"elementor-post elementor-grid-item post-1255 post type-post status-publish format-standard hentry category-sin-categoria\" role=\"listitem\">\n\t\t\t\t<div class=\"elementor-post__text\">\n\t\t\t\t<h3 class=\"elementor-post__title\">\n\t\t\t<a href=\"https:\/\/www.apotheken-ki.de\/es\/medicina-personalizada-y-precisa-los-sistemas-de-ia-permiten-terapias-personalizadas\/\" >\n\t\t\t\tMedicina personalizada y precisa: los sistemas de IA permiten terapias personalizadas\t\t\t<\/a>\n\t\t<\/h3>\n\t\t\t\t<div class=\"elementor-post__excerpt\">\n\t\t\t<p>La medicina personalizada, apoyada por la inteligencia artificial (IA), marca un cambio de paradigma en la asistencia sanitaria. Su objetivo es adaptar las terapias a<\/p>\n\t\t<\/div>\n\t\t\n\t\t<a class=\"elementor-post__read-more\" href=\"https:\/\/www.apotheken-ki.de\/es\/medicina-personalizada-y-precisa-los-sistemas-de-ia-permiten-terapias-personalizadas\/\" aria-label=\"M\u00e1s informaci\u00f3n sobre Medicina personalizada y precisa: los sistemas de IA permiten terapias personalizadas\" tabindex=\"-1\" >\n\t\t\tLeer m\u00e1s \"\t\t<\/a>\n\n\t\t\t\t<\/div>\n\t\t\t\t<\/article>\n\t\t\t\t<article class=\"elementor-post elementor-grid-item post-1262 post type-post status-publish format-standard hentry category-sin-categoria\" role=\"listitem\">\n\t\t\t\t<div class=\"elementor-post__text\">\n\t\t\t\t<h3 class=\"elementor-post__title\">\n\t\t\t<a href=\"https:\/\/www.apotheken-ki.de\/es\/la-farmacia-del-futuro-como-la-ia-esta-revolucionando-la-atencion-al-paciente\/\" >\n\t\t\t\tLa farmacia del futuro: c\u00f3mo la IA est\u00e1 revolucionando la atenci\u00f3n al paciente\t\t\t<\/a>\n\t\t<\/h3>\n\t\t\t\t<div class=\"elementor-post__excerpt\">\n\t\t\t<p>El sector sanitario evoluciona constantemente, y las farmacias no son una excepci\u00f3n. En el acelerado mundo actual, los pacientes esperan un servicio r\u00e1pido y c\u00f3modo.<\/p>\n\t\t<\/div>\n\t\t\n\t\t<a class=\"elementor-post__read-more\" href=\"https:\/\/www.apotheken-ki.de\/es\/la-farmacia-del-futuro-como-la-ia-esta-revolucionando-la-atencion-al-paciente\/\" aria-label=\"M\u00e1s informaci\u00f3n sobre La farmacia del futuro: c\u00f3mo la IA est\u00e1 revolucionando la atenci\u00f3n al paciente\" tabindex=\"-1\" >\n\t\t\tLeer m\u00e1s \"\t\t<\/a>\n\n\t\t\t\t<\/div>\n\t\t\t\t<\/article>\n\t\t\t\t<article class=\"elementor-post elementor-grid-item post-1276 post type-post status-publish format-standard hentry category-sin-categoria\" role=\"listitem\">\n\t\t\t\t<div class=\"elementor-post__text\">\n\t\t\t\t<h3 class=\"elementor-post__title\">\n\t\t\t<a href=\"https:\/\/www.apotheken-ki.de\/es\/del-dictado-a-lo-digital-la-evolucion-de-la-documentacion-medica\/\" >\n\t\t\t\tDel dictado a lo digital: la evoluci\u00f3n de la documentaci\u00f3n m\u00e9dica\t\t\t<\/a>\n\t\t<\/h3>\n\t\t\t\t<div class=\"elementor-post__excerpt\">\n\t\t\t<p>Breve historia de la documentaci\u00f3n m\u00e9dica La evoluci\u00f3n de la documentaci\u00f3n m\u00e9dica abarca miles de a\u00f1os, pasando de los antiguos registros en papel a las<\/p>\n\t\t<\/div>\n\t\t\n\t\t<a class=\"elementor-post__read-more\" href=\"https:\/\/www.apotheken-ki.de\/es\/del-dictado-a-lo-digital-la-evolucion-de-la-documentacion-medica\/\" aria-label=\"M\u00e1s informaci\u00f3n sobre Del dictado a lo digital: la evoluci\u00f3n de la documentaci\u00f3n m\u00e9dica\" tabindex=\"-1\" >\n\t\t\tLeer m\u00e1s \"\t\t<\/a>\n\n\t\t\t\t<\/div>\n\t\t\t\t<\/article>\n\t\t\t\t<article class=\"elementor-post elementor-grid-item post-1267 post type-post status-publish format-standard hentry category-sin-categoria\" role=\"listitem\">\n\t\t\t\t<div class=\"elementor-post__text\">\n\t\t\t\t<h3 class=\"elementor-post__title\">\n\t\t\t<a href=\"https:\/\/www.apotheken-ki.de\/es\/el-futuro-de-la-documentacion-medica-la-eficiencia-potenciada-por-la-ia\/\" >\n\t\t\t\tEl futuro de la documentaci\u00f3n m\u00e9dica: la eficiencia potenciada por la IA\t\t\t<\/a>\n\t\t<\/h3>\n\t\t\t\t<div class=\"elementor-post__excerpt\">\n\t\t\t<p>La documentaci\u00f3n m\u00e9dica tradicional ha sido durante mucho tiempo un proceso lento y propenso a errores, que ha supuesto una carga importante para los profesionales<\/p>\n\t\t<\/div>\n\t\t\n\t\t<a class=\"elementor-post__read-more\" href=\"https:\/\/www.apotheken-ki.de\/es\/el-futuro-de-la-documentacion-medica-la-eficiencia-potenciada-por-la-ia\/\" aria-label=\"M\u00e1s informaci\u00f3n sobre El futuro de la documentaci\u00f3n m\u00e9dica: la eficiencia potenciada por la IA\" tabindex=\"-1\" >\n\t\t\tLeer m\u00e1s \"\t\t<\/a>\n\n\t\t\t\t<\/div>\n\t\t\t\t<\/article>\n\t\t\t\t<\/div>\n\t\t\n\t\t\t\t\t\t<\/div>\n\t\t\t\t<\/div>\n\t\t\t\t\t<\/div>\n\t\t\t\t<\/div>\n\t\t\t\t<\/div>\n\t\t","protected":false},"excerpt":{"rendered":"<p>Apoyo de la IA a las farmacias BLOG APOAI Optimiza el trabajo diario de la farmacia con la automatizaci\u00f3n inteligente. Nuestras soluciones de IA alivian la presi\u00f3n de tu equipo, reducen el volumen de llamadas y mejoran la comunicaci\u00f3n con el paciente, para que dispongas de m\u00e1s tiempo para un asesoramiento personalizado.<\/p>\n","protected":false},"author":6,"featured_media":0,"parent":0,"menu_order":0,"comment_status":"closed","ping_status":"closed","template":"","meta":{"content-type":"","footnotes":""},"class_list":["post-1278","page","type-page","status-publish","hentry"],"yoast_head":"<!-- This site is optimized with the Yoast SEO plugin v25.4 - https:\/\/yoast.com\/wordpress\/plugins\/seo\/ -->\n<title>Blog - APOKI<\/title>\n<meta name=\"robots\" content=\"index, follow, max-snippet:-1, max-image-preview:large, max-video-preview:-1\" \/>\n<link rel=\"canonical\" href=\"https:\/\/www.apotheken-ki.de\/es\/blog\/\" \/>\n<meta property=\"og:locale\" content=\"es_ES\" \/>\n<meta property=\"og:type\" content=\"article\" \/>\n<meta property=\"og:title\" content=\"Blog - APOKI\" \/>\n<meta property=\"og:description\" content=\"Apoyo de la IA a las farmacias BLOG APOAI Optimiza el trabajo diario de la farmacia con la automatizaci\u00f3n inteligente. Nuestras soluciones de IA alivian la presi\u00f3n de tu equipo, reducen el volumen de llamadas y mejoran la comunicaci\u00f3n con el paciente, para que dispongas de m\u00e1s tiempo para un asesoramiento personalizado.\" \/>\n<meta property=\"og:url\" content=\"https:\/\/www.apotheken-ki.de\/es\/blog\/\" \/>\n<meta property=\"og:site_name\" content=\"APOKI\" \/>\n<meta property=\"article:modified_time\" content=\"2025-04-09T14:51:01+00:00\" \/>\n<meta name=\"twitter:label1\" content=\"Tiempo de lectura\" \/>\n\t<meta name=\"twitter:data1\" content=\"3 minutos\" \/>\n<script type=\"application\/ld+json\" class=\"yoast-schema-graph\">{\"@context\":\"https:\/\/schema.org\",\"@graph\":[{\"@type\":\"WebPage\",\"@id\":\"https:\/\/www.apotheken-ki.de\/es\/blog\/\",\"url\":\"https:\/\/www.apotheken-ki.de\/es\/blog\/\",\"name\":\"Blog - APOKI\",\"isPartOf\":{\"@id\":\"https:\/\/www.apotheken-ki.de\/es\/#website\"},\"datePublished\":\"2025-04-01T15:06:09+00:00\",\"dateModified\":\"2025-04-09T14:51:01+00:00\",\"breadcrumb\":{\"@id\":\"https:\/\/www.apotheken-ki.de\/es\/blog\/#breadcrumb\"},\"inLanguage\":\"es\",\"potentialAction\":[{\"@type\":\"ReadAction\",\"target\":[\"https:\/\/www.apotheken-ki.de\/es\/blog\/\"]}]},{\"@type\":\"BreadcrumbList\",\"@id\":\"https:\/\/www.apotheken-ki.de\/es\/blog\/#breadcrumb\",\"itemListElement\":[{\"@type\":\"ListItem\",\"position\":1,\"name\":\"Home\",\"item\":\"https:\/\/www.apotheken-ki.de\/es\/\"},{\"@type\":\"ListItem\",\"position\":2,\"name\":\"Blog\"}]},{\"@type\":\"WebSite\",\"@id\":\"https:\/\/www.apotheken-ki.de\/es\/#website\",\"url\":\"https:\/\/www.apotheken-ki.de\/es\/\",\"name\":\"APOKI\",\"description\":\"KI-Unterst\u00fctzung f\u00fcr Apotheken\",\"potentialAction\":[{\"@type\":\"SearchAction\",\"target\":{\"@type\":\"EntryPoint\",\"urlTemplate\":\"https:\/\/www.apotheken-ki.de\/es\/?s={search_term_string}\"},\"query-input\":{\"@type\":\"PropertyValueSpecification\",\"valueRequired\":true,\"valueName\":\"search_term_string\"}}],\"inLanguage\":\"es\"}]}<\/script>\n<!-- \/ Yoast SEO plugin. -->","yoast_head_json":{"title":"Blog - APOKI","robots":{"index":"index","follow":"follow","max-snippet":"max-snippet:-1","max-image-preview":"max-image-preview:large","max-video-preview":"max-video-preview:-1"},"canonical":"https:\/\/www.apotheken-ki.de\/es\/blog\/","og_locale":"es_ES","og_type":"article","og_title":"Blog - APOKI","og_description":"Apoyo de la IA a las farmacias BLOG APOAI Optimiza el trabajo diario de la farmacia con la automatizaci\u00f3n inteligente. Nuestras soluciones de IA alivian la presi\u00f3n de tu equipo, reducen el volumen de llamadas y mejoran la comunicaci\u00f3n con el paciente, para que dispongas de m\u00e1s tiempo para un asesoramiento personalizado.","og_url":"https:\/\/www.apotheken-ki.de\/es\/blog\/","og_site_name":"APOKI","article_modified_time":"2025-04-09T14:51:01+00:00","twitter_misc":{"Tiempo de lectura":"3 minutos"},"schema":{"@context":"https:\/\/schema.org","@graph":[{"@type":"WebPage","@id":"https:\/\/www.apotheken-ki.de\/es\/blog\/","url":"https:\/\/www.apotheken-ki.de\/es\/blog\/","name":"Blog - APOKI","isPartOf":{"@id":"https:\/\/www.apotheken-ki.de\/es\/#website"},"datePublished":"2025-04-01T15:06:09+00:00","dateModified":"2025-04-09T14:51:01+00:00","breadcrumb":{"@id":"https:\/\/www.apotheken-ki.de\/es\/blog\/#breadcrumb"},"inLanguage":"es","potentialAction":[{"@type":"ReadAction","target":["https:\/\/www.apotheken-ki.de\/es\/blog\/"]}]},{"@type":"BreadcrumbList","@id":"https:\/\/www.apotheken-ki.de\/es\/blog\/#breadcrumb","itemListElement":[{"@type":"ListItem","position":1,"name":"Home","item":"https:\/\/www.apotheken-ki.de\/es\/"},{"@type":"ListItem","position":2,"name":"Blog"}]},{"@type":"WebSite","@id":"https:\/\/www.apotheken-ki.de\/es\/#website","url":"https:\/\/www.apotheken-ki.de\/es\/","name":"APOKI","description":"KI-Unterst\u00fctzung f\u00fcr Apotheken","potentialAction":[{"@type":"SearchAction","target":{"@type":"EntryPoint","urlTemplate":"https:\/\/www.apotheken-ki.de\/es\/?s={search_term_string}"},"query-input":{"@type":"PropertyValueSpecification","valueRequired":true,"valueName":"search_term_string"}}],"inLanguage":"es"}]}},"_links":{"self":[{"href":"https:\/\/www.apotheken-ki.de\/es\/wp-json\/wp\/v2\/pages\/1278","targetHints":{"allow":["GET"]}}],"collection":[{"href":"https:\/\/www.apotheken-ki.de\/es\/wp-json\/wp\/v2\/pages"}],"about":[{"href":"https:\/\/www.apotheken-ki.de\/es\/wp-json\/wp\/v2\/types\/page"}],"author":[{"embeddable":true,"href":"https:\/\/www.apotheken-ki.de\/es\/wp-json\/wp\/v2\/users\/6"}],"replies":[{"embeddable":true,"href":"https:\/\/www.apotheken-ki.de\/es\/wp-json\/wp\/v2\/comments?post=1278"}],"version-history":[{"count":4,"href":"https:\/\/www.apotheken-ki.de\/es\/wp-json\/wp\/v2\/pages\/1278\/revisions"}],"predecessor-version":[{"id":1393,"href":"https:\/\/www.apotheken-ki.de\/es\/wp-json\/wp\/v2\/pages\/1278\/revisions\/1393"}],"wp:attachment":[{"href":"https:\/\/www.apotheken-ki.de\/es\/wp-json\/wp\/v2\/media?parent=1278"}],"curies":[{"name":"wp","href":"https:\/\/api.w.org\/{rel}","templated":true}]}}