{"id":1290,"date":"2025-03-14T09:32:59","date_gmt":"2025-03-14T09:32:59","guid":{"rendered":"https:\/\/www.apotheken-ki.de\/pie-de-imprenta\/"},"modified":"2025-04-06T14:59:18","modified_gmt":"2025-04-06T14:59:18","slug":"pie-de-imprenta","status":"publish","type":"page","link":"https:\/\/www.apotheken-ki.de\/es\/pie-de-imprenta\/","title":{"rendered":"Pie de imprenta"},"content":{"rendered":"\t\t<div data-elementor-type=\"wp-page\" data-elementor-id=\"1290\" class=\"elementor elementor-1290 elementor-559\" data-elementor-post-type=\"page\">\n\t\t\t\t<div class=\"elementor-element elementor-element-658b0080 e-flex e-con-boxed e-con e-parent\" data-id=\"658b0080\" data-element_type=\"container\">\n\t\t\t\t\t<div class=\"e-con-inner\">\n\t\t\t\t<div class=\"elementor-element elementor-element-670e4a5 elementor-widget elementor-widget-heading\" data-id=\"670e4a5\" data-element_type=\"widget\" data-widget_type=\"heading.default\">\n\t\t\t\t\t<h2 class=\"elementor-heading-title elementor-size-default\">Pie de imprenta<\/h2>\t\t\t\t<\/div>\n\t\t\t\t\t<\/div>\n\t\t\t\t<\/div>\n\t\t<div class=\"elementor-element elementor-element-d3a9bf5 e-flex e-con-boxed e-con e-parent\" data-id=\"d3a9bf5\" data-element_type=\"container\">\n\t\t\t\t\t<div class=\"e-con-inner\">\n\t\t<div class=\"elementor-element elementor-element-b32d485 e-con-full e-flex e-con e-child\" data-id=\"b32d485\" data-element_type=\"container\">\n\t\t\t\t<\/div>\n\t\t<div class=\"elementor-element elementor-element-20ef908 e-con-full e-flex e-con e-child\" data-id=\"20ef908\" data-element_type=\"container\">\n\t\t\t\t<div class=\"elementor-element elementor-element-1028bfb elementor-widget elementor-widget-text-editor\" data-id=\"1028bfb\" data-element_type=\"widget\" data-widget_type=\"text-editor.default\">\n\t\t\t\t\t\t\t\t\t<h2 class=\"wp-block-heading\">Responsable de contenidos y funcionamiento<\/h2>\n<p><strong>Ella Media AG<\/strong><\/p>\n<p>Metallstrasse 9a<br>6300 Zug, Suiza<\/p>\n<p>Representada por el Consejo de Administraci\u00f3n:<br>Michael Keusgen (Presidente)<br>Inscrita en el registro mercantil del cant\u00f3n de Zug (Suiza) con el n\u00famero de registro: CHE-370.592.352<\/p>\n<p>N\u00famero del impuesto sobre el valor a\u00f1adido: CHE-370.592.352 IVA<\/p>\n<h2 class=\"wp-block-heading\"><br>Contacta con nosotros<\/h2>\n<p>Direcci\u00f3n postal:<\/p>\n<p><strong>Ella Media AG<\/strong><br>Metallstrasse 9a<br>6300 Zug, Suiza<\/p>\n<p>Correo electr\u00f3nico: verwaltung@ella-group.io<\/p>\n<p> <\/p>\n<h2 class=\"wp-block-heading\"><br>Responsabilidad por el contenido<\/h2>\n<p>Como proveedor de servicios, somos responsables de nuestro propio contenido en estas p\u00e1ginas de acuerdo con la legislaci\u00f3n general. Como operador, no estamos obligados a controlar la informaci\u00f3n de terceros transmitida o almacenada, ni a investigar circunstancias que indiquen una actividad ilegal. <\/p>\n<p>Esto no afecta a las obligaciones de eliminar o bloquear el uso de informaci\u00f3n de acuerdo con la legislaci\u00f3n general. Sin embargo, la responsabilidad a este respecto s\u00f3lo es posible a partir del momento en que tengamos conocimiento de una infracci\u00f3n concreta. Tan pronto como tengamos conocimiento de infracciones legales, eliminaremos dicho contenido inmediatamente.  <\/p>\n<p> <\/p>\n<h2 class=\"wp-block-heading\"><br>Responsabilidad de los enlaces<\/h2>\n<p>Nuestro sitio web contiene enlaces a sitios web externos de terceros sobre cuyo contenido no tenemos ninguna influencia. Por lo tanto, no podemos aceptar ninguna responsabilidad por este contenido de terceros. El respectivo proveedor u operador de las p\u00e1ginas es siempre responsable del contenido de las p\u00e1ginas enlazadas. Los contenidos ilegales no eran reconocibles en el momento de establecer el enlace.   <\/p>\n<p>Sin embargo, la supervisi\u00f3n permanente del contenido de las p\u00e1ginas enlazadas no es razonable sin pruebas concretas de una infracci\u00f3n. Si tenemos conocimiento de alguna infracci\u00f3n legal, eliminaremos dichos enlaces inmediatamente. <\/p>\n<p> <\/p>\n<h2 class=\"wp-block-heading\">Derechos de autor<\/h2>\n<p>El contenido y las obras creadas por el operador del sitio (ella media ag) en estas p\u00e1ginas est\u00e1n protegidos por copyright y todos los derechos est\u00e1n reservados por el titular del copyright. La reproducci\u00f3n, edici\u00f3n, distribuci\u00f3n y cualquier forma de utilizaci\u00f3n fuera de los l\u00edmites de la ley de derechos de autor requieren el consentimiento previo por escrito del autor o creador respectivo. Las descargas y copias de este sitio s\u00f3lo est\u00e1n permitidas para uso privado y no comercial.  <\/p>\n<p>En la medida en que el contenido de este sitio no haya sido creado por el operador, se respetan los derechos de autor de terceros. En particular, el contenido de terceros est\u00e1 etiquetado como tal. No obstante, si tienes conocimiento de una infracci\u00f3n de los derechos de autor, inf\u00f3rmanos. Si tenemos conocimiento de alguna infracci\u00f3n, eliminaremos dicho contenido inmediatamente.   <\/p>\t\t\t\t\t\t\t\t<\/div>\n\t\t\t\t<\/div>\n\t\t<div class=\"elementor-element elementor-element-bd07d45 e-con-full e-flex e-con e-child\" data-id=\"bd07d45\" data-element_type=\"container\">\n\t\t\t\t<\/div>\n\t\t\t\t\t<\/div>\n\t\t\t\t<\/div>\n\t\t\t\t<\/div>\n\t\t","protected":false},"excerpt":{"rendered":"<p>Pie de imprenta Responsable de contenidos y funcionamiento Ella Media AG Metallstrasse 9a6300 Zug, Suiza Representada por el Consejo de Administraci\u00f3n:Michael Keusgen (Presidente)Inscrita en el registro mercantil del cant\u00f3n de Zug (Suiza) con el n\u00famero de registro: CHE-370.592.352 N\u00famero del impuesto sobre el valor a\u00f1adido: CHE-370.592.352 IVA Contacta con nosotros Direcci\u00f3n postal: Ella Media AGMetallstrasse [&hellip;]<\/p>\n","protected":false},"author":10,"featured_media":0,"parent":0,"menu_order":0,"comment_status":"closed","ping_status":"closed","template":"","meta":{"content-type":"","footnotes":""},"class_list":["post-1290","page","type-page","status-publish","hentry"],"yoast_head":"<!-- This site is optimized with the Yoast SEO plugin v25.4 - https:\/\/yoast.com\/wordpress\/plugins\/seo\/ -->\n<title>Pie de imprenta - APOKI<\/title>\n<meta name=\"robots\" content=\"index, follow, max-snippet:-1, max-image-preview:large, max-video-preview:-1\" \/>\n<link rel=\"canonical\" href=\"https:\/\/www.apotheken-ki.de\/es\/pie-de-imprenta\/\" \/>\n<meta property=\"og:locale\" content=\"es_ES\" \/>\n<meta property=\"og:type\" content=\"article\" \/>\n<meta property=\"og:title\" content=\"Pie de imprenta - APOKI\" \/>\n<meta property=\"og:description\" content=\"Pie de imprenta Responsable de contenidos y funcionamiento Ella Media AG Metallstrasse 9a6300 Zug, Suiza Representada por el Consejo de Administraci\u00f3n:Michael Keusgen (Presidente)Inscrita en el registro mercantil del cant\u00f3n de Zug (Suiza) con el n\u00famero de registro: CHE-370.592.352 N\u00famero del impuesto sobre el valor a\u00f1adido: CHE-370.592.352 IVA Contacta con nosotros Direcci\u00f3n postal: Ella Media AGMetallstrasse [&hellip;]\" \/>\n<meta property=\"og:url\" content=\"https:\/\/www.apotheken-ki.de\/es\/pie-de-imprenta\/\" \/>\n<meta property=\"og:site_name\" content=\"APOKI\" \/>\n<meta property=\"article:modified_time\" content=\"2025-04-06T14:59:18+00:00\" \/>\n<meta name=\"twitter:label1\" content=\"Tiempo de lectura\" \/>\n\t<meta name=\"twitter:data1\" content=\"2 minutos\" \/>\n<script type=\"application\/ld+json\" class=\"yoast-schema-graph\">{\"@context\":\"https:\/\/schema.org\",\"@graph\":[{\"@type\":\"WebPage\",\"@id\":\"https:\/\/www.apotheken-ki.de\/es\/pie-de-imprenta\/\",\"url\":\"https:\/\/www.apotheken-ki.de\/es\/pie-de-imprenta\/\",\"name\":\"Pie de imprenta - APOKI\",\"isPartOf\":{\"@id\":\"https:\/\/www.apotheken-ki.de\/es\/#website\"},\"datePublished\":\"2025-03-14T09:32:59+00:00\",\"dateModified\":\"2025-04-06T14:59:18+00:00\",\"breadcrumb\":{\"@id\":\"https:\/\/www.apotheken-ki.de\/es\/pie-de-imprenta\/#breadcrumb\"},\"inLanguage\":\"es\",\"potentialAction\":[{\"@type\":\"ReadAction\",\"target\":[\"https:\/\/www.apotheken-ki.de\/es\/pie-de-imprenta\/\"]}]},{\"@type\":\"BreadcrumbList\",\"@id\":\"https:\/\/www.apotheken-ki.de\/es\/pie-de-imprenta\/#breadcrumb\",\"itemListElement\":[{\"@type\":\"ListItem\",\"position\":1,\"name\":\"Home\",\"item\":\"https:\/\/www.apotheken-ki.de\/es\/\"},{\"@type\":\"ListItem\",\"position\":2,\"name\":\"Pie de imprenta\"}]},{\"@type\":\"WebSite\",\"@id\":\"https:\/\/www.apotheken-ki.de\/es\/#website\",\"url\":\"https:\/\/www.apotheken-ki.de\/es\/\",\"name\":\"APOKI\",\"description\":\"KI-Unterst\u00fctzung f\u00fcr Apotheken\",\"potentialAction\":[{\"@type\":\"SearchAction\",\"target\":{\"@type\":\"EntryPoint\",\"urlTemplate\":\"https:\/\/www.apotheken-ki.de\/es\/?s={search_term_string}\"},\"query-input\":{\"@type\":\"PropertyValueSpecification\",\"valueRequired\":true,\"valueName\":\"search_term_string\"}}],\"inLanguage\":\"es\"}]}<\/script>\n<!-- \/ Yoast SEO plugin. -->","yoast_head_json":{"title":"Pie de imprenta - APOKI","robots":{"index":"index","follow":"follow","max-snippet":"max-snippet:-1","max-image-preview":"max-image-preview:large","max-video-preview":"max-video-preview:-1"},"canonical":"https:\/\/www.apotheken-ki.de\/es\/pie-de-imprenta\/","og_locale":"es_ES","og_type":"article","og_title":"Pie de imprenta - APOKI","og_description":"Pie de imprenta Responsable de contenidos y funcionamiento Ella Media AG Metallstrasse 9a6300 Zug, Suiza Representada por el Consejo de Administraci\u00f3n:Michael Keusgen (Presidente)Inscrita en el registro mercantil del cant\u00f3n de Zug (Suiza) con el n\u00famero de registro: CHE-370.592.352 N\u00famero del impuesto sobre el valor a\u00f1adido: CHE-370.592.352 IVA Contacta con nosotros Direcci\u00f3n postal: Ella Media AGMetallstrasse [&hellip;]","og_url":"https:\/\/www.apotheken-ki.de\/es\/pie-de-imprenta\/","og_site_name":"APOKI","article_modified_time":"2025-04-06T14:59:18+00:00","twitter_misc":{"Tiempo de lectura":"2 minutos"},"schema":{"@context":"https:\/\/schema.org","@graph":[{"@type":"WebPage","@id":"https:\/\/www.apotheken-ki.de\/es\/pie-de-imprenta\/","url":"https:\/\/www.apotheken-ki.de\/es\/pie-de-imprenta\/","name":"Pie de imprenta - APOKI","isPartOf":{"@id":"https:\/\/www.apotheken-ki.de\/es\/#website"},"datePublished":"2025-03-14T09:32:59+00:00","dateModified":"2025-04-06T14:59:18+00:00","breadcrumb":{"@id":"https:\/\/www.apotheken-ki.de\/es\/pie-de-imprenta\/#breadcrumb"},"inLanguage":"es","potentialAction":[{"@type":"ReadAction","target":["https:\/\/www.apotheken-ki.de\/es\/pie-de-imprenta\/"]}]},{"@type":"BreadcrumbList","@id":"https:\/\/www.apotheken-ki.de\/es\/pie-de-imprenta\/#breadcrumb","itemListElement":[{"@type":"ListItem","position":1,"name":"Home","item":"https:\/\/www.apotheken-ki.de\/es\/"},{"@type":"ListItem","position":2,"name":"Pie de imprenta"}]},{"@type":"WebSite","@id":"https:\/\/www.apotheken-ki.de\/es\/#website","url":"https:\/\/www.apotheken-ki.de\/es\/","name":"APOKI","description":"KI-Unterst\u00fctzung f\u00fcr Apotheken","potentialAction":[{"@type":"SearchAction","target":{"@type":"EntryPoint","urlTemplate":"https:\/\/www.apotheken-ki.de\/es\/?s={search_term_string}"},"query-input":{"@type":"PropertyValueSpecification","valueRequired":true,"valueName":"search_term_string"}}],"inLanguage":"es"}]}},"_links":{"self":[{"href":"https:\/\/www.apotheken-ki.de\/es\/wp-json\/wp\/v2\/pages\/1290","targetHints":{"allow":["GET"]}}],"collection":[{"href":"https:\/\/www.apotheken-ki.de\/es\/wp-json\/wp\/v2\/pages"}],"about":[{"href":"https:\/\/www.apotheken-ki.de\/es\/wp-json\/wp\/v2\/types\/page"}],"author":[{"embeddable":true,"href":"https:\/\/www.apotheken-ki.de\/es\/wp-json\/wp\/v2\/users\/10"}],"replies":[{"embeddable":true,"href":"https:\/\/www.apotheken-ki.de\/es\/wp-json\/wp\/v2\/comments?post=1290"}],"version-history":[{"count":1,"href":"https:\/\/www.apotheken-ki.de\/es\/wp-json\/wp\/v2\/pages\/1290\/revisions"}],"predecessor-version":[{"id":1291,"href":"https:\/\/www.apotheken-ki.de\/es\/wp-json\/wp\/v2\/pages\/1290\/revisions\/1291"}],"wp:attachment":[{"href":"https:\/\/www.apotheken-ki.de\/es\/wp-json\/wp\/v2\/media?parent=1290"}],"curies":[{"name":"wp","href":"https:\/\/api.w.org\/{rel}","templated":true}]}}